{"id":761,"date":"2024-11-01T08:56:41","date_gmt":"2024-11-01T08:56:41","guid":{"rendered":"https:\/\/infinitysalonoficial.es\/?page_id=761"},"modified":"2024-11-06T16:30:45","modified_gmt":"2024-11-06T16:30:45","slug":"politica-de-privacidad","status":"publish","type":"page","link":"https:\/\/infinitysalonoficial.es\/?page_id=761","title":{"rendered":"Pol\u00edtica de Privacidad"},"content":{"rendered":"\t\t<div data-elementor-type=\"wp-page\" data-elementor-id=\"761\" class=\"elementor elementor-761\">\n\t\t\t\t<div class=\"elementor-element elementor-element-fd01154 e-con-full e-flex e-con e-parent\" data-id=\"fd01154\" data-element_type=\"container\">\n\t\t\t\t<div class=\"elementor-element elementor-element-102fcbe elementor-widget elementor-widget-text-editor\" data-id=\"102fcbe\" data-element_type=\"widget\" data-widget_type=\"text-editor.default\">\n\t\t\t\t<div class=\"elementor-widget-container\">\n\t\t\t\t\t\t\t<p>En <strong>Infinity<\/strong>, nos comprometemos a proteger y respetar tu privacidad. Esta pol\u00edtica explica c\u00f3mo recopilamos, usamos y protegemos la informaci\u00f3n que obtenemos de los usuarios de nuestro sitio web [<a href=\"http:\/\/www.infinity.com\" target=\"_new\" rel=\"noopener\">www.infinitysalon oficial.es<\/a>].<\/p>\t\t\t\t\t\t<\/div>\n\t\t\t\t<\/div>\n\t\t\t\t<div class=\"elementor-element elementor-element-1f9f459 elementor-widget elementor-widget-text-editor\" data-id=\"1f9f459\" data-element_type=\"widget\" data-widget_type=\"text-editor.default\">\n\t\t\t\t<div class=\"elementor-widget-container\">\n\t\t\t\t\t\t\t<p><strong>Informaci\u00f3n que recopilamos<\/strong><\/p><ul><li><strong>Datos personales<\/strong>: cuando te registras en nuestro sitio, realizas una compra, o te suscribes a nuestra newsletter, recopilamos informaci\u00f3n como tu nombre, direcci\u00f3n de correo electr\u00f3nico, y otros datos que sean necesarios.<\/li><li><strong>Datos de navegaci\u00f3n<\/strong>: recopilamos informaci\u00f3n sobre c\u00f3mo usas nuestro sitio web, incluyendo direcciones IP, tipo de navegador y p\u00e1ginas visitadas.<\/li><\/ul>\t\t\t\t\t\t<\/div>\n\t\t\t\t<\/div>\n\t\t\t\t<div class=\"elementor-element elementor-element-d674fb2 elementor-widget elementor-widget-text-editor\" data-id=\"d674fb2\" data-element_type=\"widget\" data-widget_type=\"text-editor.default\">\n\t\t\t\t<div class=\"elementor-widget-container\">\n\t\t\t\t\t\t\t<p><strong>Uso de la informaci\u00f3n<\/strong> La informaci\u00f3n que recopilamos se utiliza para:<\/p><ul><li>Mejorar la experiencia del usuario en nuestro sitio web.<\/li><li>Procesar transacciones y pedidos de productos o servicios.<\/li><li>Enviarte informaci\u00f3n o promociones que creemos que pueden interesarte (si has dado tu consentimiento).<\/li><\/ul>\t\t\t\t\t\t<\/div>\n\t\t\t\t<\/div>\n\t\t\t\t<div class=\"elementor-element elementor-element-c43ea62 elementor-widget elementor-widget-text-editor\" data-id=\"c43ea62\" data-element_type=\"widget\" data-widget_type=\"text-editor.default\">\n\t\t\t\t<div class=\"elementor-widget-container\">\n\t\t\t\t\t\t\t<p><strong>Protecci\u00f3n de datos<\/strong> Nos comprometemos a proteger tu informaci\u00f3n personal mediante medidas de seguridad adecuadas para prevenir el acceso no autorizado, p\u00e9rdida o alteraci\u00f3n de tus datos.<\/p><p><strong>Tus derechos<\/strong> Tienes derecho a acceder, rectificar, cancelar y oponerte al tratamiento de tus datos. Para ejercer estos derechos, puedes ponerte en contacto con nosotros en [correo de contacto de Infinity].<\/p>\t\t\t\t\t\t<\/div>\n\t\t\t\t<\/div>\n\t\t\t\t<\/div>\n\t\t\t\t<\/div>\n\t\t","protected":false},"excerpt":{"rendered":"<p>En Infinity, nos comprometemos a proteger y respetar tu privacidad. Esta pol\u00edtica explica c\u00f3mo recopilamos, usamos y protegemos la informaci\u00f3n que obtenemos de los &hellip; <a href=\"https:\/\/infinitysalonoficial.es\/?page_id=761\" class=\"readmore\">More <span class=\"screen-reader-text\">Pol\u00edtica de Privacidad<\/span> &raquo;<\/a><\/p>\n","protected":false},"author":2,"featured_media":0,"parent":0,"menu_order":0,"comment_status":"closed","ping_status":"closed","template":"","meta":{"footnotes":""},"class_list":["post-761","page","type-page","status-publish","hentry"],"_links":{"self":[{"href":"https:\/\/infinitysalonoficial.es\/index.php?rest_route=\/wp\/v2\/pages\/761","targetHints":{"allow":["GET"]}}],"collection":[{"href":"https:\/\/infinitysalonoficial.es\/index.php?rest_route=\/wp\/v2\/pages"}],"about":[{"href":"https:\/\/infinitysalonoficial.es\/index.php?rest_route=\/wp\/v2\/types\/page"}],"author":[{"embeddable":true,"href":"https:\/\/infinitysalonoficial.es\/index.php?rest_route=\/wp\/v2\/users\/2"}],"replies":[{"embeddable":true,"href":"https:\/\/infinitysalonoficial.es\/index.php?rest_route=%2Fwp%2Fv2%2Fcomments&post=761"}],"version-history":[{"count":10,"href":"https:\/\/infinitysalonoficial.es\/index.php?rest_route=\/wp\/v2\/pages\/761\/revisions"}],"predecessor-version":[{"id":792,"href":"https:\/\/infinitysalonoficial.es\/index.php?rest_route=\/wp\/v2\/pages\/761\/revisions\/792"}],"wp:attachment":[{"href":"https:\/\/infinitysalonoficial.es\/index.php?rest_route=%2Fwp%2Fv2%2Fmedia&parent=761"}],"curies":[{"name":"wp","href":"https:\/\/api.w.org\/{rel}","templated":true}]}}