{"id":763,"date":"2024-11-01T08:56:41","date_gmt":"2024-11-01T08:56:41","guid":{"rendered":"https:\/\/infinitysalonoficial.es\/?page_id=763"},"modified":"2024-11-06T16:31:32","modified_gmt":"2024-11-06T16:31:32","slug":"terminos-y-condiciones-de-uso","status":"publish","type":"page","link":"https:\/\/infinitysalonoficial.es\/?page_id=763","title":{"rendered":"T\u00e9rminos y Condiciones de Uso"},"content":{"rendered":"\t\t<div data-elementor-type=\"wp-page\" data-elementor-id=\"763\" class=\"elementor elementor-763\">\n\t\t\t\t<div class=\"elementor-element elementor-element-a02cb0d e-con-full e-flex e-con e-parent\" data-id=\"a02cb0d\" data-element_type=\"container\">\n\t\t\t\t<div class=\"elementor-element elementor-element-fcae5c0 elementor-widget elementor-widget-text-editor\" data-id=\"fcae5c0\" data-element_type=\"widget\" data-widget_type=\"text-editor.default\">\n\t\t\t\t<div class=\"elementor-widget-container\">\n\t\t\t\t\t\t\t<p><strong>1. Objeto y Aceptaci\u00f3n de los T\u00e9rminos de Uso<\/strong> El presente documento establece los t\u00e9rminos y condiciones de uso de Infinity. Al acceder a nuestro sitio, el usuario acepta estos t\u00e9rminos de manera plena y sin reservas.<\/p><p><strong>2. Acceso y Uso del Sitio<\/strong> El acceso al sitio web es gratuito, salvo en aquellos servicios que requieren una suscripci\u00f3n o pago. El usuario se compromete a hacer un uso adecuado y legal del contenido y servicios ofrecidos.<\/p><p><strong>3. Propiedad Intelectual e Industrial<\/strong> Todos los contenidos de este sitio, incluyendo textos, gr\u00e1ficos, logos, y otros, est\u00e1n protegidos por derechos de propiedad intelectual. Queda prohibido el uso no autorizado de dichos contenidos.<\/p><p><strong>4. Exclusi\u00f3n de Responsabilidad<\/strong> Infinity no ser\u00e1 responsable de los da\u00f1os que puedan derivarse del uso del sitio web, incluidos errores en el contenido o falta de disponibilidad del sitio.<\/p><p><strong>5. Modificaciones<\/strong> Infinity se reserva el derecho de modificar los t\u00e9rminos y condiciones en cualquier momento, debiendo el usuario consultar peri\u00f3dicamente este apartado.<\/p><p><strong>6. Legislaci\u00f3n Aplicable y Jurisdicci\u00f3n<\/strong> Para la resoluci\u00f3n de conflictos o cuestiones relacionadas con el presente sitio web, ser\u00e1 de aplicaci\u00f3n la legislaci\u00f3n espa\u00f1ola y los tribunales de [Ciudad de Infinity].<\/p>\t\t\t\t\t\t<\/div>\n\t\t\t\t<\/div>\n\t\t\t\t<\/div>\n\t\t\t\t<\/div>\n\t\t","protected":false},"excerpt":{"rendered":"<p>1. Objeto y Aceptaci\u00f3n de los T\u00e9rminos de Uso El presente documento establece los t\u00e9rminos y condiciones de uso de Infinity. Al acceder a &hellip; <a href=\"https:\/\/infinitysalonoficial.es\/?page_id=763\" class=\"readmore\">More <span class=\"screen-reader-text\">T\u00e9rminos y Condiciones de Uso<\/span> &raquo;<\/a><\/p>\n","protected":false},"author":2,"featured_media":0,"parent":0,"menu_order":0,"comment_status":"closed","ping_status":"closed","template":"","meta":{"footnotes":""},"class_list":["post-763","page","type-page","status-publish","hentry"],"_links":{"self":[{"href":"https:\/\/infinitysalonoficial.es\/index.php?rest_route=\/wp\/v2\/pages\/763","targetHints":{"allow":["GET"]}}],"collection":[{"href":"https:\/\/infinitysalonoficial.es\/index.php?rest_route=\/wp\/v2\/pages"}],"about":[{"href":"https:\/\/infinitysalonoficial.es\/index.php?rest_route=\/wp\/v2\/types\/page"}],"author":[{"embeddable":true,"href":"https:\/\/infinitysalonoficial.es\/index.php?rest_route=\/wp\/v2\/users\/2"}],"replies":[{"embeddable":true,"href":"https:\/\/infinitysalonoficial.es\/index.php?rest_route=%2Fwp%2Fv2%2Fcomments&post=763"}],"version-history":[{"count":7,"href":"https:\/\/infinitysalonoficial.es\/index.php?rest_route=\/wp\/v2\/pages\/763\/revisions"}],"predecessor-version":[{"id":804,"href":"https:\/\/infinitysalonoficial.es\/index.php?rest_route=\/wp\/v2\/pages\/763\/revisions\/804"}],"wp:attachment":[{"href":"https:\/\/infinitysalonoficial.es\/index.php?rest_route=%2Fwp%2Fv2%2Fmedia&parent=763"}],"curies":[{"name":"wp","href":"https:\/\/api.w.org\/{rel}","templated":true}]}}